{"id":502,"date":"2017-03-27T15:44:43","date_gmt":"2017-03-27T14:44:43","guid":{"rendered":"http:\/\/demo.themeton.com\/medical\/?page_id=502"},"modified":"2024-05-17T09:56:54","modified_gmt":"2024-05-17T08:56:54","slug":"catering-rotterdam","status":"publish","type":"page","link":"https:\/\/www.locatiehofboog.nl\/staging\/catering-rotterdam\/","title":{"rendered":"Catering"},"content":{"rendered":"<p>[vc_row][vc_column css=&#8221;.vc_custom_1491463002316{margin-bottom: 40px !important;}&#8221;][vc_custom_heading text=&#8221;Rotterdamse catering&#8221; font_container=&#8221;tag:h2|font_size:30px|text_align:left&#8221; use_theme_fonts=&#8221;yes&#8221; css=&#8221;.vc_custom_1556892969014{margin-bottom: 5px !important;}&#8221; el_class=&#8221;text-600 dash&#8221;][\/vc_column][\/vc_row][vc_row equal_height=&#8221;yes&#8221; content_placement=&#8221;middle&#8221; css=&#8221;.vc_custom_1509942983651{padding-bottom: 17px !important;}&#8221;][vc_column width=&#8221;1\/2&#8243;][vc_row_inner][vc_column_inner width=&#8221;1\/2&#8243;][info_box size=&#8221;42px&#8221; icon_type=&#8221;fontawesome&#8221; icon_fontawesome=&#8221;fa fa-cutlery&#8221; shadows=&#8221;medium&#8221; href=&#8221;url:https%3A%2F%2Fwww.locatiehofboog.nl%2Fcatering-rotterdam%2Fthe-harvest%2F|title:The%20Harvest%2C%20heerlijke%20pokebowls.||&#8221; icons=&#8221;fa fa-coffee&#8221; title=&#8221;The Harvest&#8221;][\/vc_column_inner][vc_column_inner width=&#8221;1\/2&#8243;][info_box size=&#8221;42px&#8221; icon_type=&#8221;fontawesome&#8221; icon_fontawesome=&#8221;fa fa-pie-chart&#8221; shadows=&#8221;medium&#8221; href=&#8221;url:https%3A%2F%2Fwww.locatiehofboog.nl%2Fcatering-rotterdam%2Furban-bakery%2F|title:Urban%20Bakery%20verse%20taarten%20en%20zoetigheid|target:%20_blank|&#8221; icons=&#8221;fa fa-gift&#8221; title=&#8221;Urban Bakery&#8221;][\/vc_column_inner][\/vc_row_inner][vc_row_inner css=&#8221;.vc_custom_1491462582699{margin-top: 30px !important;}&#8221;][vc_column_inner width=&#8221;1\/2&#8243;][info_box size=&#8221;42px&#8221; icon_type=&#8221;fontawesome&#8221; icon_fontawesome=&#8221;fa fa-cutlery&#8221; shadows=&#8221;medium&#8221; href=&#8221;url:https%3A%2F%2Fwww.locatiehofboog.nl%2Fvergader-locatie-hofboog%2Frotterdamse-horeca-op-loopafstand%2F|||&#8221; extra_class=&#8221;hahah&#8221; icons=&#8221;fa fa-rocket&#8221; title=&#8221;Brasserie Tinus&#8221;][\/vc_column_inner][vc_column_inner width=&#8221;1\/2&#8243;][info_box size=&#8221;42px&#8221; icon_type=&#8221;fontawesome&#8221; icon_fontawesome=&#8221;fa fa-bicycle&#8221; shadows=&#8221;medium&#8221; href=&#8221;url:%2Fcatering-rotterdam%2Frotterdamse-broodjes-van-frobel%2F|title:rotterdamse-broodjes-van-frobel||&#8221; icons=&#8221;fa fa-smile-o&#8221; title=&#8221;FR\u00d6BEL&#8221;][\/vc_column_inner][\/vc_row_inner][\/vc_column][vc_column width=&#8221;1\/2&#8243; css=&#8221;.vc_custom_1491463475997{margin-left: 30px !important;}&#8221;][vc_column_text]<\/p>\n<h2 style=\"text-align: left;\">Locatie Hofboog een verrassing om binnen te stappen<\/h2>\n<p style=\"text-align: left;\">Unieke tafels waar je aan kunt vergaderen, \u00e9\u00e9n op \u00e9\u00e9n coaching, of samen een bijzondere gebeurtenis ervaren. Met <a href=\"https:\/\/www.tafeldesign.nl\" target=\"_blank\" rel=\"noopener noreferrer\">Tafel Design<\/a> werken wij graag samen met Rotterdamse designers vandaar dat de keus voor Rotterdamse horeca snel was gemaakt.<br \/>\nHeerlijke koffie van <a href=\"http:\/\/www.locatiehofboog.nl\/staging\/catering-rotterdam\/ketelbinkie-koffie\/\" target=\"_blank\" rel=\"noopener noreferrer\">Ketelbinkie<\/a>, lekkere baksels van <a href=\"https:\/\/www.urbanbakery.nl\/c-4282220\/bars\/\" target=\"_blank\" rel=\"noopener noreferrer\">Urban Bakery<\/a> (zelf te bestellen), lunch van <a href=\"http:\/\/www.locatiehofboog.nl\/staging\/catering-rotterdam\/rotterdamse-broodjes-van-frobel\/\">Fr\u00f6bel<\/a> of lunchen bij \u00e9\u00e9n van de <a href=\"http:\/\/www.locatiehofboog.nl\/staging\/vergader-locatie-hofboog\/rotterdamse-horeca-op-loopafstand\/\" target=\"_blank\" rel=\"noopener noreferrer\">lokale horeca gelegenheden<\/a>.<\/p>\n<p>[\/vc_column_text][vc_row_inner][vc_column_inner width=&#8221;1\/3&#8243;][\/vc_column_inner][vc_column_inner width=&#8221;1\/3&#8243;][\/vc_column_inner][\/vc_row_inner][\/vc_column][\/vc_row][vc_row][vc_column][vc_empty_space height=&#8221;75&#8243;][\/vc_column][\/vc_row]<\/p>\n","protected":false},"excerpt":{"rendered":"<p>[vc_row][vc_column css=&#8221;.vc_custom_1491463002316{margin-bottom: 40px !important;}&#8221;][vc_custom_heading text=&#8221;Rotterdamse catering&#8221; font_container=&#8221;tag:h2|font_size:30px|text_align:left&#8221; use_theme_fonts=&#8221;yes&#8221; css=&#8221;.vc_custom_1556892969014{margin-bottom: 5px !important;}&#8221; el_class=&#8221;text-600 dash&#8221;][\/vc_column][\/vc_row][vc_row equal_height=&#8221;yes&#8221; content_placement=&#8221;middle&#8221; css=&#8221;.vc_custom_1509942983651{padding-bottom: 17px !important;}&#8221;][vc_column width=&#8221;1\/2&#8243;][vc_row_inner][vc_column_inner width=&#8221;1\/2&#8243;][info_box size=&#8221;42px&#8221; icon_type=&#8221;fontawesome&#8221; icon_fontawesome=&#8221;fa fa-cutlery&#8221; shadows=&#8221;medium&#8221; href=&#8221;url:https%3A%2F%2Fwww.locatiehofboog.nl%2Fcatering-rotterdam%2Fthe-harvest%2F|title:The%20Harvest%2C%20heerlijke%20pokebowls.||&#8221; icons=&#8221;fa fa-coffee&#8221; title=&#8221;The Harvest&#8221;][\/vc_column_inner][vc_column_inner width=&#8221;1\/2&#8243;][info_box size=&#8221;42px&#8221; icon_type=&#8221;fontawesome&#8221; icon_fontawesome=&#8221;fa fa-pie-chart&#8221; shadows=&#8221;medium&#8221; href=&#8221;url:https%3A%2F%2Fwww.locatiehofboog.nl%2Fcatering-rotterdam%2Furban-bakery%2F|title:Urban%20Bakery%20verse%20taarten%20en%20zoetigheid|target:%20_blank|&#8221; icons=&#8221;fa fa-gift&#8221; title=&#8221;Urban Bakery&#8221;][\/vc_column_inner][\/vc_row_inner][vc_row_inner css=&#8221;.vc_custom_1491462582699{margin-top: 30px !important;}&#8221;][vc_column_inner width=&#8221;1\/2&#8243;][info_box size=&#8221;42px&#8221; icon_type=&#8221;fontawesome&#8221; icon_fontawesome=&#8221;fa fa-cutlery&#8221; shadows=&#8221;medium&#8221; href=&#8221;url:https%3A%2F%2Fwww.locatiehofboog.nl%2Fvergader-locatie-hofboog%2Frotterdamse-horeca-op-loopafstand%2F|||&#8221; extra_class=&#8221;hahah&#8221; icons=&#8221;fa fa-rocket&#8221; title=&#8221;Brasserie&hellip;<\/p>\n","protected":false},"author":1,"featured_media":0,"parent":0,"menu_order":0,"comment_status":"closed","ping_status":"closed","template":"","meta":{"footnotes":""},"class_list":["post-502","page","type-page","status-publish","hentry","description-off"],"_links":{"self":[{"href":"https:\/\/www.locatiehofboog.nl\/staging\/wp-json\/wp\/v2\/pages\/502","targetHints":{"allow":["GET"]}}],"collection":[{"href":"https:\/\/www.locatiehofboog.nl\/staging\/wp-json\/wp\/v2\/pages"}],"about":[{"href":"https:\/\/www.locatiehofboog.nl\/staging\/wp-json\/wp\/v2\/types\/page"}],"author":[{"embeddable":true,"href":"https:\/\/www.locatiehofboog.nl\/staging\/wp-json\/wp\/v2\/users\/1"}],"replies":[{"embeddable":true,"href":"https:\/\/www.locatiehofboog.nl\/staging\/wp-json\/wp\/v2\/comments?post=502"}],"version-history":[{"count":67,"href":"https:\/\/www.locatiehofboog.nl\/staging\/wp-json\/wp\/v2\/pages\/502\/revisions"}],"predecessor-version":[{"id":6235,"href":"https:\/\/www.locatiehofboog.nl\/staging\/wp-json\/wp\/v2\/pages\/502\/revisions\/6235"}],"wp:attachment":[{"href":"https:\/\/www.locatiehofboog.nl\/staging\/wp-json\/wp\/v2\/media?parent=502"}],"curies":[{"name":"wp","href":"https:\/\/api.w.org\/{rel}","templated":true}]}}